{"id":12,"date":"2017-11-29T09:05:55","date_gmt":"2017-11-29T09:05:55","guid":{"rendered":"http:\/\/kokeiluohje.finlex.fi\/?page_id=12"},"modified":"2019-01-23T18:56:12","modified_gmt":"2019-01-23T16:56:12","slug":"etusivu","status":"publish","type":"page","link":"https:\/\/kokeiluohje.finlex.fi\/sv\/","title":{"rendered":"Etusivu"},"content":{"rendered":"<p>Olika slags f\u00f6rs\u00f6k anv\u00e4nds i dag allt oftare f\u00f6r inh\u00e4mtning av korrekt och tillf\u00f6rlitlig information som beslutsunderlag f\u00f6r mer permanenta l\u00f6sningar.<\/p>\n<p>Med h\u00e4nsyn till planeringen av f\u00f6rs\u00f6k \u00e4r det viktigt att t\u00e4nka p\u00e5 att man i myndighetsverksamheten eller ut\u00f6vningen av annan offentlig makt inte ens i f\u00f6rs\u00f6kssyfte f\u00e5r avvika fr\u00e5n lagstadgade krav, s\u00e5vida inte denna m\u00f6jlighet f\u00f6reskrivs i lag. Ofta \u00e4r f\u00f6rs\u00f6k ocks\u00e5 av betydelse med avseende p\u00e5 den j\u00e4mlikhet som tryggas genom grundlagen.<\/p>\n<p>Denna handbok utg\u00e5r fr\u00e5n grundlagsutskottets praxis och \u00e4r avsedd som handledning f\u00f6r lagberedare. I den har samlats information om juridiska faktorer som ska beaktas vid lagstiftning som m\u00f6jligg\u00f6r f\u00f6rs\u00f6k.<\/p>","protected":false},"excerpt":{"rendered":"Olika slags f\u00f6rs\u00f6k anv\u00e4nds i dag allt oftare f\u00f6r inh\u00e4mtning av korrekt och tillf\u00f6rlitlig information som beslutsunderlag f\u00f6r mer permanenta l\u00f6sningar. Med h\u00e4nsyn till planeringen av f\u00f6rs\u00f6k \u00e4r det viktigt att t\u00e4nka p\u00e5 att man i myndighetsverksamheten eller ut\u00f6vningen av annan offentlig makt inte ens i f\u00f6rs\u00f6kssyfte f\u00e5r avvika fr\u00e5n lagstadgade krav, s\u00e5vida inte denna [&hellip;]\n","protected":false},"author":6,"featured_media":0,"parent":0,"menu_order":0,"comment_status":"closed","ping_status":"closed","template":"page-templates\/front-page.php","meta":{"footnotes":""},"categories":[],"_links":{"self":[{"href":"https:\/\/kokeiluohje.finlex.fi\/sv\/wp-json\/wp\/v2\/pages\/12"}],"collection":[{"href":"https:\/\/kokeiluohje.finlex.fi\/sv\/wp-json\/wp\/v2\/pages"}],"about":[{"href":"https:\/\/kokeiluohje.finlex.fi\/sv\/wp-json\/wp\/v2\/types\/page"}],"author":[{"embeddable":true,"href":"https:\/\/kokeiluohje.finlex.fi\/sv\/wp-json\/wp\/v2\/users\/6"}],"replies":[{"embeddable":true,"href":"https:\/\/kokeiluohje.finlex.fi\/sv\/wp-json\/wp\/v2\/comments?post=12"}],"version-history":[{"count":7,"href":"https:\/\/kokeiluohje.finlex.fi\/sv\/wp-json\/wp\/v2\/pages\/12\/revisions"}],"predecessor-version":[{"id":308,"href":"https:\/\/kokeiluohje.finlex.fi\/sv\/wp-json\/wp\/v2\/pages\/12\/revisions\/308"}],"wp:attachment":[{"href":"https:\/\/kokeiluohje.finlex.fi\/sv\/wp-json\/wp\/v2\/media?parent=12"}],"wp:term":[{"taxonomy":"category","embeddable":true,"href":"https:\/\/kokeiluohje.finlex.fi\/sv\/wp-json\/wp\/v2\/categories?post=12"}],"curies":[{"name":"wp","href":"https:\/\/api.w.org\/{rel}","templated":true}]}}