{"id":33,"date":"2018-01-24T10:39:27","date_gmt":"2018-01-24T08:39:27","guid":{"rendered":"http:\/\/kokeiluohje.finlex.fi\/?page_id=33"},"modified":"2019-01-23T19:10:52","modified_gmt":"2019-01-23T17:10:52","slug":"kokeilu-oikeusvaltioperiaate-ja-yhdenvertaisuus","status":"publish","type":"page","link":"https:\/\/kokeiluohje.finlex.fi\/sv\/ohje\/kokeilu-oikeusvaltioperiaate-ja-yhdenvertaisuus\/","title":{"rendered":"F\u00f6rs\u00f6k, r\u00e4ttsstatsprincipen och j\u00e4mlikhet"},"content":{"rendered":"<p><img loading=\"lazy\" decoding=\"async\" class=\"alignnone size-full wp-image-301\" src=\"http:\/\/kokeiluohje.finlex.fi\/wp-content\/uploads\/2018\/10\/kokeilulainsaadanto-kooste-sv.png\" alt=\"\" width=\"2038\" height=\"2062\" \/><\/p>\n<p>All ut\u00f6vning av offentlig makt ska bygga p\u00e5 lag. Vid planeringen av f\u00f6rs\u00f6k \u00e4r det viktigt att t\u00e4nka p\u00e5 att man i myndighetsverksamheten eller ut\u00f6vningen av offentlig makt inte ens i f\u00f6rs\u00f6kssyfte f\u00e5r avvika fr\u00e5n lagstadgade krav, s\u00e5vida inte denna m\u00f6jlighet f\u00f6reskrivs i lag. I enlighet med den r\u00e4ttsstatsprincip som fastst\u00e4lls i 2\u00a0\u00a7 i grundlagen ska lag noggrant iakttas i all offentlig verksamhet.<\/p>\n<p>Ett f\u00f6rs\u00f6k inriktas i allm\u00e4nhet p\u00e5 en p\u00e5 n\u00e5got s\u00e4tt avgr\u00e4nsad grupp m\u00e4nniskor. D\u00e4rf\u00f6r \u00e4r f\u00f6rs\u00f6k av betydelse med avseende p\u00e5 den j\u00e4mlikhet som tryggas genom grundlagen.<\/p>\n<p>Enligt 6 \u00a7 1 mom. i grundlagen \u00e4r alla lika inf\u00f6r lag. Best\u00e4mmelsen uttrycker vid sidan av kravet p\u00e5 juridisk j\u00e4mlikhet \u00e4ven id\u00e9n om faktisk j\u00e4mst\u00e4lldhet. Den inrymmer ett f\u00f6rbud mot godtycke och ett krav p\u00e5 enahanda bem\u00f6tande i likadana fall.<\/p>\n<p>Best\u00e4mmelsen riktas ocks\u00e5 till lagstiftaren. M\u00e4nniskor eller grupper av m\u00e4nniskor kan inte godtyckligt genom lag s\u00e4rbehandlas vare sig positivt eller negativt. Likst\u00e4llighetsbest\u00e4mmelsen kr\u00e4ver \u00e4nd\u00e5 inte att alla m\u00e4nniskor i alla avseenden ska behandlas lika, om inte f\u00f6rh\u00e5llandena \u00e4r likadana. J\u00e4mlikhetsaspekter spelar en viss roll s\u00e5v\u00e4l n\u00e4r m\u00e4nniskor ges f\u00f6rdelar eller r\u00e4ttigheter genom lag som n\u00e4r de p\u00e5f\u00f6rs skyldigheter. \u00c5 andra sidan \u00e4r det utm\u00e4rkande f\u00f6r lagstiftningen att den p\u00e5 grund av ett visst godtagbart samh\u00e4lleligt intresse behandlar m\u00e4nniskor olika bl.a. f\u00f6r att fr\u00e4mja faktisk j\u00e4mlikhet.<\/p>\n<p>F\u00f6rs\u00f6ket kan verkst\u00e4llas f\u00f6rutsatt att<\/p>\n<ul>\n<li>f\u00f6rs\u00f6ket har ett godtagbart m\u00e5l<\/li>\n<li>de best\u00e4mmelser som ska till\u00e4mpas under f\u00f6rs\u00f6ket och som avviker fr\u00e5n den \u00f6vriga lagstiftningen utf\u00e4rdas genom lag<\/li>\n<li>f\u00f6rs\u00f6kslagstiftningen \u00e4r proportionerlig<\/li>\n<li>best\u00e4mmelserna om f\u00f6rs\u00f6ksomr\u00e5det och\/eller f\u00f6rs\u00f6ksdeltagarna utf\u00e4rdas genom lag<\/li>\n<li>f\u00f6rs\u00f6kslagstiftningen inte \u00e4r diskriminerande<\/li>\n<li>f\u00f6rs\u00f6kslagstiftningen bara g\u00e4ller under den korta tid som kr\u00e4vs f\u00f6r f\u00f6rs\u00f6ket<\/li>\n<li>resultaten av f\u00f6rs\u00f6ket utv\u00e4rderas p\u00e5 tillb\u00f6rligt s\u00e4tt.<\/li>\n<\/ul>\n<p><\/p>","protected":false},"excerpt":{"rendered":"All ut\u00f6vning av offentlig makt ska bygga p\u00e5 lag. Vid planeringen av f\u00f6rs\u00f6k \u00e4r det viktigt att t\u00e4nka p\u00e5 att man i myndighetsverksamheten eller ut\u00f6vningen av offentlig makt inte ens i f\u00f6rs\u00f6kssyfte f\u00e5r avvika fr\u00e5n lagstadgade krav, s\u00e5vida inte denna m\u00f6jlighet f\u00f6reskrivs i lag. I enlighet med den r\u00e4ttsstatsprincip som fastst\u00e4lls i 2\u00a0\u00a7 i grundlagen [&hellip;]\n","protected":false},"author":6,"featured_media":0,"parent":17,"menu_order":10,"comment_status":"closed","ping_status":"closed","template":"","meta":{"footnotes":""},"categories":[],"_links":{"self":[{"href":"https:\/\/kokeiluohje.finlex.fi\/sv\/wp-json\/wp\/v2\/pages\/33"}],"collection":[{"href":"https:\/\/kokeiluohje.finlex.fi\/sv\/wp-json\/wp\/v2\/pages"}],"about":[{"href":"https:\/\/kokeiluohje.finlex.fi\/sv\/wp-json\/wp\/v2\/types\/page"}],"author":[{"embeddable":true,"href":"https:\/\/kokeiluohje.finlex.fi\/sv\/wp-json\/wp\/v2\/users\/6"}],"replies":[{"embeddable":true,"href":"https:\/\/kokeiluohje.finlex.fi\/sv\/wp-json\/wp\/v2\/comments?post=33"}],"version-history":[{"count":12,"href":"https:\/\/kokeiluohje.finlex.fi\/sv\/wp-json\/wp\/v2\/pages\/33\/revisions"}],"predecessor-version":[{"id":316,"href":"https:\/\/kokeiluohje.finlex.fi\/sv\/wp-json\/wp\/v2\/pages\/33\/revisions\/316"}],"up":[{"embeddable":true,"href":"https:\/\/kokeiluohje.finlex.fi\/sv\/wp-json\/wp\/v2\/pages\/17"}],"wp:attachment":[{"href":"https:\/\/kokeiluohje.finlex.fi\/sv\/wp-json\/wp\/v2\/media?parent=33"}],"wp:term":[{"taxonomy":"category","embeddable":true,"href":"https:\/\/kokeiluohje.finlex.fi\/sv\/wp-json\/wp\/v2\/categories?post=33"}],"curies":[{"name":"wp","href":"https:\/\/api.w.org\/{rel}","templated":true}]}}