{"id":41,"date":"2018-01-24T10:42:04","date_gmt":"2018-01-24T08:42:04","guid":{"rendered":"http:\/\/kokeiluohje.finlex.fi\/?page_id=41"},"modified":"2019-01-23T19:15:13","modified_gmt":"2019-01-23T17:15:13","slug":"kokeiluun-osallistuvien-maaraytymisesta-tulee-saataa-lailla","status":"publish","type":"page","link":"https:\/\/kokeiluohje.finlex.fi\/sv\/ohje\/kokeiluun-osallistuvien-maaraytymisesta-tulee-saataa-lailla\/","title":{"rendered":"Best\u00e4mmelser om valet av deltagare i f\u00f6rs\u00f6k ska utf\u00e4rdas genom lag"},"content":{"rendered":"<p><img loading=\"lazy\" decoding=\"async\" class=\"alignright size-full wp-image-116\" src=\"http:\/\/kokeiluohje.finlex.fi\/wp-content\/uploads\/2018\/01\/kokeilulainsaadanto-alue.png\" alt=\"\" width=\"140\" height=\"126\" \/>Ett f\u00f6rs\u00f6k kan ocks\u00e5 verkst\u00e4llas s\u00e5 att man avgr\u00e4nsar deltagargruppen. D\u00e5 ska best\u00e4mmelserna om grunderna f\u00f6r valet av deltagare f\u00f6reskrivas tillr\u00e4ckligt exakt i lagen.<\/p>\n<p><strong>Exempel<\/strong><\/p>\n<blockquote><p>Enligt f\u00f6rslaget om f\u00f6rs\u00f6k med basinkomst skulle deltagarna i f\u00f6rs\u00f6ksgruppen v\u00e4ljas ut genom slumpm\u00e4ssigt urval. F\u00f6rs\u00f6ksgrupperna bildades enligt enhetliga kriterier som f\u00f6reskrivs i lag.<\/p>\n<p>Grundlagsutskottet ans\u00e5g att detta f\u00f6rfarande f\u00f6r bildning av f\u00f6rs\u00f6ksgrupperna var godtagbart, men f\u00e4ste med anledning av kravet p\u00e5 best\u00e4mmelser i lag \u00e4ven uppm\u00e4rksamhet vid urvalsf\u00f6rfarandet och dess transparens Enligt regeringens proposition skulle Folkpensionsanstalten genom ett slumpm\u00e4ssigt urval ta ut 2\u00a0000 personer till vilka det betalas basinkomst. I motiven till lagstiftningsordning h\u00e4nvisades till att randomiseringen gav varje person i m\u00e5lgruppen lika m\u00f6jligheter att omfattas av basinkomsten. Metoden behandlade allts\u00e5 p\u00e5 ett likv\u00e4rdigt s\u00e4tt alla personer i den genom lag exakt avgr\u00e4nsade m\u00e5lgruppen.<\/p>\n<p>Avsikten var att programkoden f\u00f6r randomiseringen skulle offentligg\u00f6ras innan urvalet gjordes. Enligt utskottets uppfattning kunde motiven i sig anses korrekta. Utskottet ans\u00e5g att f\u00f6rs\u00f6ksgruppen inte kunde v\u00e4ljas ut enbart med hj\u00e4lp av en programkod, utan b\u00e5de kravet p\u00e5 best\u00e4mmelser i lag och kraven p\u00e5 att de skulle vara exakta och noga avgr\u00e4nsade f\u00f6rutsatte best\u00e4mmelser i lag om grunderna f\u00f6r urvalet. Best\u00e4mmelserna m\u00e5ste kompletteras till denna del. Lagen skulle uttryckligen \u00e4ven inneh\u00e5lla best\u00e4mmelser om offentligg\u00f6randet av programkoden och dess offentlighet (<a title=\"GrUU 51\/2016 rd\" class=\"external\" href=\"https:\/\/www.eduskunta.fi\/SV\/vaski\/Lausunto\/Documents\/GrUU_51+2016.pdf\" target=\"_blank\">GrUU 51\/2016 rd<\/a>).<\/p>\n<p>D\u00e5 best\u00e4mmelserna utg\u00e5r fr\u00e5n ett tillst\u00e5nd att delta i f\u00f6rs\u00f6ket b\u00f6r det i lagen f\u00f6reskrivas exakt om tillst\u00e5ndspr\u00f6vning och kriterierna f\u00f6r tillst\u00e5ndet (<a title=\"GrUU\u00a044\/2017\u00a0rd\" class=\"external\" href=\"https:\/\/www.eduskunta.fi\/SV\/vaski\/Lausunto\/Documents\/GrUU_44+2017.pdf\" target=\"_blank\">GrUU 44\/2017 rd<\/a>, s. 5).<\/p><\/blockquote>\n<p><\/p>","protected":false},"excerpt":{"rendered":"Ett f\u00f6rs\u00f6k kan ocks\u00e5 verkst\u00e4llas s\u00e5 att man avgr\u00e4nsar deltagargruppen. D\u00e5 ska best\u00e4mmelserna om grunderna f\u00f6r valet av deltagare f\u00f6reskrivas tillr\u00e4ckligt exakt i lagen. Exempel Enligt f\u00f6rslaget om f\u00f6rs\u00f6k med basinkomst skulle deltagarna i f\u00f6rs\u00f6ksgruppen v\u00e4ljas ut genom slumpm\u00e4ssigt urval. F\u00f6rs\u00f6ksgrupperna bildades enligt enhetliga kriterier som f\u00f6reskrivs i lag. Grundlagsutskottet ans\u00e5g att detta f\u00f6rfarande f\u00f6r [&hellip;]\n","protected":false},"author":6,"featured_media":0,"parent":17,"menu_order":50,"comment_status":"closed","ping_status":"closed","template":"","meta":{"footnotes":""},"categories":[],"_links":{"self":[{"href":"https:\/\/kokeiluohje.finlex.fi\/sv\/wp-json\/wp\/v2\/pages\/41"}],"collection":[{"href":"https:\/\/kokeiluohje.finlex.fi\/sv\/wp-json\/wp\/v2\/pages"}],"about":[{"href":"https:\/\/kokeiluohje.finlex.fi\/sv\/wp-json\/wp\/v2\/types\/page"}],"author":[{"embeddable":true,"href":"https:\/\/kokeiluohje.finlex.fi\/sv\/wp-json\/wp\/v2\/users\/6"}],"replies":[{"embeddable":true,"href":"https:\/\/kokeiluohje.finlex.fi\/sv\/wp-json\/wp\/v2\/comments?post=41"}],"version-history":[{"count":7,"href":"https:\/\/kokeiluohje.finlex.fi\/sv\/wp-json\/wp\/v2\/pages\/41\/revisions"}],"predecessor-version":[{"id":321,"href":"https:\/\/kokeiluohje.finlex.fi\/sv\/wp-json\/wp\/v2\/pages\/41\/revisions\/321"}],"up":[{"embeddable":true,"href":"https:\/\/kokeiluohje.finlex.fi\/sv\/wp-json\/wp\/v2\/pages\/17"}],"wp:attachment":[{"href":"https:\/\/kokeiluohje.finlex.fi\/sv\/wp-json\/wp\/v2\/media?parent=41"}],"wp:term":[{"taxonomy":"category","embeddable":true,"href":"https:\/\/kokeiluohje.finlex.fi\/sv\/wp-json\/wp\/v2\/categories?post=41"}],"curies":[{"name":"wp","href":"https:\/\/api.w.org\/{rel}","templated":true}]}}