{"id":47,"date":"2018-01-24T10:44:03","date_gmt":"2018-01-24T08:44:03","guid":{"rendered":"http:\/\/kokeiluohje.finlex.fi\/?page_id=47"},"modified":"2019-01-23T19:17:55","modified_gmt":"2019-01-23T17:17:55","slug":"voimassaolorajoitus","status":"publish","type":"page","link":"https:\/\/kokeiluohje.finlex.fi\/sv\/ohje\/voimassaolorajoitus\/","title":{"rendered":"Begr\u00e4nsad giltighetstid"},"content":{"rendered":"<p><img loading=\"lazy\" decoding=\"async\" class=\"alignright size-full wp-image-261\" src=\"http:\/\/kokeiluohje.finlex.fi\/wp-content\/uploads\/2018\/09\/voimassaolo.png\" alt=\"\" width=\"200\" height=\"200\" \/>F\u00f6rs\u00f6kslagar ska ges en begr\u00e4nsad giltighetstid s\u00e5 att de g\u00e4ller bara s\u00e5 l\u00e4nge det beh\u00f6vs f\u00f6r f\u00f6rs\u00f6ket.<\/p>\n<p><strong>Exempel<\/strong><\/p>\n<blockquote><p>I f\u00f6rslaget till lag om f\u00f6rs\u00f6k med syssels\u00e4ttningsbonus hade best\u00e4mmelsernas giltighets satts till en l\u00e4mpligt kort tid f\u00f6r denna typ av f\u00f6rs\u00f6k, dvs. till tre \u00e5r (<a title=\"GrUU 20\/2012 rd\" class=\"external\" href=\"https:\/\/www.eduskunta.fi\/SV\/vaski\/Lausunto\/Documents\/gruu_20+2012.pdf\" target=\"_blank\">GrUU 20\/2012 rd<\/a>).<\/p><\/blockquote>\n<blockquote><p>S\u00e4rbehandlingen enligt f\u00f6rslaget om befrielse fr\u00e5n arbetsgivares socialskyddsavgift hade inga orimliga konsekvenser f\u00f6r andra arbetsgivare under den tre\u00e5rsperiod som f\u00f6rs\u00f6ket p\u00e5gick. D\u00e4rf\u00f6r kunde lagf\u00f6rslaget behandlas i vanlig lagstiftningsordning (<a title=\"GrUU 39\/2002 rd\" class=\"external\" href=\"https:\/\/www.eduskunta.fi\/SV\/vaski\/Lausunto\/Documents\/gruu_39+2002.pdf\" target=\"_blank\">GrUU 39\/2002 rd<\/a>).<\/p><\/blockquote>\n<blockquote><p>Med avseende p\u00e5 skolf\u00f6rs\u00f6ken uppmanade grundlagsutskottet kulturutskottet att \u00f6verv\u00e4ga om en maximalt fem \u00e5r l\u00e5ng f\u00f6rs\u00f6kstid var alltf\u00f6r l\u00e5ng ur en grundskolelevs synvinkel sett. Grundlagsutskottet f\u00e4ste ocks\u00e5 kulturutskottets uppm\u00e4rksamhet p\u00e5 att f\u00f6rs\u00f6kstiden i gymnasier kunde omfatta \u00e5tta \u00e5r. Enligt grundlagsutskottet var det en mycket l\u00e5ng tid f\u00f6r ett f\u00f6rs\u00f6k (<a title=\"GrUU 70\/2002 rd\" class=\"external\" href=\"https:\/\/www.eduskunta.fi\/SV\/vaski\/Lausunto\/Documents\/gruu_70+2002.pdf\" target=\"_blank\">GrUU 70\/2002 rd<\/a>).<\/p><\/blockquote>\n<p><\/p>","protected":false},"excerpt":{"rendered":"F\u00f6rs\u00f6kslagar ska ges en begr\u00e4nsad giltighetstid s\u00e5 att de g\u00e4ller bara s\u00e5 l\u00e4nge det beh\u00f6vs f\u00f6r f\u00f6rs\u00f6ket. Exempel I f\u00f6rslaget till lag om f\u00f6rs\u00f6k med syssels\u00e4ttningsbonus hade best\u00e4mmelsernas giltighets satts till en l\u00e4mpligt kort tid f\u00f6r denna typ av f\u00f6rs\u00f6k, dvs. till tre \u00e5r (GrUU 20\/2012 rd). S\u00e4rbehandlingen enligt f\u00f6rslaget om befrielse fr\u00e5n arbetsgivares socialskyddsavgift [&hellip;]\n","protected":false},"author":6,"featured_media":0,"parent":17,"menu_order":80,"comment_status":"closed","ping_status":"closed","template":"","meta":{"footnotes":""},"categories":[],"_links":{"self":[{"href":"https:\/\/kokeiluohje.finlex.fi\/sv\/wp-json\/wp\/v2\/pages\/47"}],"collection":[{"href":"https:\/\/kokeiluohje.finlex.fi\/sv\/wp-json\/wp\/v2\/pages"}],"about":[{"href":"https:\/\/kokeiluohje.finlex.fi\/sv\/wp-json\/wp\/v2\/types\/page"}],"author":[{"embeddable":true,"href":"https:\/\/kokeiluohje.finlex.fi\/sv\/wp-json\/wp\/v2\/users\/6"}],"replies":[{"embeddable":true,"href":"https:\/\/kokeiluohje.finlex.fi\/sv\/wp-json\/wp\/v2\/comments?post=47"}],"version-history":[{"count":6,"href":"https:\/\/kokeiluohje.finlex.fi\/sv\/wp-json\/wp\/v2\/pages\/47\/revisions"}],"predecessor-version":[{"id":324,"href":"https:\/\/kokeiluohje.finlex.fi\/sv\/wp-json\/wp\/v2\/pages\/47\/revisions\/324"}],"up":[{"embeddable":true,"href":"https:\/\/kokeiluohje.finlex.fi\/sv\/wp-json\/wp\/v2\/pages\/17"}],"wp:attachment":[{"href":"https:\/\/kokeiluohje.finlex.fi\/sv\/wp-json\/wp\/v2\/media?parent=47"}],"wp:term":[{"taxonomy":"category","embeddable":true,"href":"https:\/\/kokeiluohje.finlex.fi\/sv\/wp-json\/wp\/v2\/categories?post=47"}],"curies":[{"name":"wp","href":"https:\/\/api.w.org\/{rel}","templated":true}]}}