{"id":49,"date":"2018-01-24T10:44:39","date_gmt":"2018-01-24T08:44:39","guid":{"rendered":"http:\/\/kokeiluohje.finlex.fi\/?page_id=49"},"modified":"2019-01-29T12:13:23","modified_gmt":"2019-01-29T10:13:23","slug":"kokeilun-tulosten-selvittaminen-tulee-olla-asianmukaisesti-jarjestetty","status":"publish","type":"page","link":"https:\/\/kokeiluohje.finlex.fi\/sv\/ohje\/kokeilun-tulosten-selvittaminen-tulee-olla-asianmukaisesti-jarjestetty\/","title":{"rendered":"Resultaten av f\u00f6rs\u00f6ket ska redovisas p\u00e5 tillb\u00f6rligt s\u00e4tt"},"content":{"rendered":"<p><img loading=\"lazy\" decoding=\"async\" class=\"alignright size-full wp-image-82\" src=\"http:\/\/kokeiluohje.finlex.fi\/wp-content\/uploads\/2018\/01\/kokeilulainsaadanto-arviointi-1.png\" alt=\"\" width=\"258\" height=\"140\" srcset=\"https:\/\/kokeiluohje.finlex.fi\/wp-content\/uploads\/2018\/01\/kokeilulainsaadanto-arviointi-1.png 516w, https:\/\/kokeiluohje.finlex.fi\/wp-content\/uploads\/2018\/01\/kokeilulainsaadanto-arviointi-1-300x163.png 300w\" sizes=\"(max-width: 258px) 100vw, 258px\" \/>En allm\u00e4n f\u00f6ruts\u00e4ttning f\u00f6r genomf\u00f6rande av f\u00f6rs\u00f6k \u00e4r dessutom att resultaten av f\u00f6rs\u00f6ket redovisas och utv\u00e4rderas p\u00e5 tillb\u00f6rligt s\u00e4tt.<\/p>\n<p><strong>Exempel<\/strong><\/p>\n<blockquote><p>Resultaten av f\u00f6rs\u00f6ket med arbetslivspr\u00f6vning analyseras och bed\u00f6ms p\u00e5 beh\u00f6rigt s\u00e4tt inom en av statsr\u00e5dets kansli finansierad utv\u00e4rderings- och verksamhetsunders\u00f6kning (s.k. TEAS-unders\u00f6kning), som p\u00e5g\u00e5r till slutet av 2018 (<a title=\"GrUU 24\/2017\" class=\"external\" href=\"https:\/\/www.eduskunta.fi\/SV\/vaski\/Lausunto\/Documents\/GrUU_24+2017.pdf\" target=\"_blank\">GrUU 24\/2017 rd<\/a>).<\/p><\/blockquote>\n<blockquote><p>I lagen om f\u00f6rs\u00f6k med basinkomst (<a title=\"Lag om f\u00f6rs\u00f6k med basinkomst 1528\/2016\" class=\"external finlex\" href=\"https:\/\/www.finlex.fi\/sv\/laki\/alkup\/2016\/20161528\" target=\"_blank\">1528\/2016<\/a>) f\u00f6reskrevs uttryckligen om uppf\u00f6ljning och utv\u00e4rdering av konsekvenserna av f\u00f6rs\u00f6ket. Folkpensionsanstalten, i egenskap av den myndighet som f\u00f6rvaltar dataregister \u00f6ver grundskyddet, skulle ansvara f\u00f6r uppf\u00f6ljningen och rapporteringen till statsr\u00e5det och riksdagen i samband med basinkomstf\u00f6rs\u00f6ket. Uppf\u00f6ljningen skulle ske s\u00e5 n\u00e4ra realtid som m\u00f6jligt och genomf\u00f6ras med hj\u00e4lp av Folkpensionsanstaltens f\u00f6rm\u00e5nsregister och de register som arbetskraftsf\u00f6rvaltningen f\u00f6rvaltar. Under f\u00f6rs\u00f6ket f\u00f6ljde man hur f\u00f6rs\u00f6ket p\u00e5verkade i vilken utstr\u00e4ckning f\u00f6rs\u00f6ksdeltagarna utnyttjade f\u00f6rm\u00e5ner, anm\u00e4lde sig som arbetsl\u00f6sa arbetss\u00f6kande och deltog i arbetskraftsf\u00f6rvaltningens aktiverings\u00e5tg\u00e4rder. Avsikten var ocks\u00e5 att med hj\u00e4lp av Skattef\u00f6rvaltningens och Pensionsskyddscentralens registeruppgifter \u00f6vervaka de f\u00f6r\u00e4ndringar basinkomstf\u00f6rs\u00f6ket medf\u00f6rde i f\u00f6rs\u00f6kspersonernas inkomster och syssels\u00e4ttning. Efter att f\u00f6rs\u00f6ket har avslutats g\u00f6rs en utv\u00e4rdering och resultaten l\u00e4mnas till statsr\u00e5det och riksdagen.<\/p><\/blockquote>\n<blockquote><p>Under och efter f\u00f6rs\u00f6ket med integrationsutbildningen Delaktig i Finland skulle man enligt f\u00f6rslaget bed\u00f6ma genomslagseffekten och kostnadseffektiviteten f\u00f6r f\u00f6rs\u00f6ksmodellerna i f\u00f6rh\u00e5llande till det d\u00e5varande systemet. Utifr\u00e5n resultaten bed\u00f6mdes behoven och m\u00f6jligheterna att utveckla finansieringen och administreringen av och inneh\u00e5llet i integrationsutbildningen med sikte p\u00e5 att f\u00e5 en mera behovsorienterad, effektivare, verkningsfullare och kostnadseffektivare integrationsutbildning. Regeringen \u00e5tog sig att f\u00f6lja upp konsekvenserna av den f\u00f6reslagna lagen f\u00f6r statens och kommunernas utgifter.<\/p><\/blockquote>\n<blockquote><p>Syftet med f\u00f6rs\u00f6ket med syssels\u00e4ttningsbonus var att unders\u00f6ka hur syssels\u00e4ttningsbonus p\u00e5verkar l\u00e5ngtidsarbetsl\u00f6sas m\u00f6jligheter att f\u00e5 jobb. Enligt regeringspropositionen skulle f\u00f6rs\u00f6kets konsekvenser utv\u00e4rderas vid utg\u00e5ngen av regeringsperioden.<\/p><\/blockquote>\n<p><\/p>","protected":false},"excerpt":{"rendered":"En allm\u00e4n f\u00f6ruts\u00e4ttning f\u00f6r genomf\u00f6rande av f\u00f6rs\u00f6k \u00e4r dessutom att resultaten av f\u00f6rs\u00f6ket redovisas och utv\u00e4rderas p\u00e5 tillb\u00f6rligt s\u00e4tt. Exempel Resultaten av f\u00f6rs\u00f6ket med arbetslivspr\u00f6vning analyseras och bed\u00f6ms p\u00e5 beh\u00f6rigt s\u00e4tt inom en av statsr\u00e5dets kansli finansierad utv\u00e4rderings- och verksamhetsunders\u00f6kning (s.k. TEAS-unders\u00f6kning), som p\u00e5g\u00e5r till slutet av 2018 (GrUU 24\/2017 rd). I lagen om f\u00f6rs\u00f6k [&hellip;]\n","protected":false},"author":6,"featured_media":0,"parent":17,"menu_order":90,"comment_status":"closed","ping_status":"closed","template":"","meta":{"footnotes":""},"categories":[],"_links":{"self":[{"href":"https:\/\/kokeiluohje.finlex.fi\/sv\/wp-json\/wp\/v2\/pages\/49"}],"collection":[{"href":"https:\/\/kokeiluohje.finlex.fi\/sv\/wp-json\/wp\/v2\/pages"}],"about":[{"href":"https:\/\/kokeiluohje.finlex.fi\/sv\/wp-json\/wp\/v2\/types\/page"}],"author":[{"embeddable":true,"href":"https:\/\/kokeiluohje.finlex.fi\/sv\/wp-json\/wp\/v2\/users\/6"}],"replies":[{"embeddable":true,"href":"https:\/\/kokeiluohje.finlex.fi\/sv\/wp-json\/wp\/v2\/comments?post=49"}],"version-history":[{"count":11,"href":"https:\/\/kokeiluohje.finlex.fi\/sv\/wp-json\/wp\/v2\/pages\/49\/revisions"}],"predecessor-version":[{"id":328,"href":"https:\/\/kokeiluohje.finlex.fi\/sv\/wp-json\/wp\/v2\/pages\/49\/revisions\/328"}],"up":[{"embeddable":true,"href":"https:\/\/kokeiluohje.finlex.fi\/sv\/wp-json\/wp\/v2\/pages\/17"}],"wp:attachment":[{"href":"https:\/\/kokeiluohje.finlex.fi\/sv\/wp-json\/wp\/v2\/media?parent=49"}],"wp:term":[{"taxonomy":"category","embeddable":true,"href":"https:\/\/kokeiluohje.finlex.fi\/sv\/wp-json\/wp\/v2\/categories?post=49"}],"curies":[{"name":"wp","href":"https:\/\/api.w.org\/{rel}","templated":true}]}}